{"id":5932,"date":"2013-12-04T15:22:16","date_gmt":"2013-12-04T14:22:16","guid":{"rendered":"http:\/\/tweetalig.modulink.be\/fr\/home-version-12-2\/"},"modified":"2018-05-22T14:32:03","modified_gmt":"2018-05-22T12:32:03","slug":"home-version-12-3","status":"publish","type":"page","link":"https:\/\/fvcharlier.be\/fr\/","title":{"rendered":"Homepagina"},"content":{"rendered":"<div class=\"su-spacer\" style=\"height:20px\"><\/div>\n<div class=\"su-row\"> <div class=\"su-column su-column-size-3-5\"><div class=\"su-column-inner su-u-clearfix su-u-trim\">\n<h2>Bienvenue sur le site de Zakenkantoor Van Biesen bvba<\/h2>\nVous cherchez une police d'assurance qui correspond \u00e0 votre situation familiale et une protection ad\u00e9quate? Votre dossier d'assurance a besoin d'une analyse approfondi?<br \/> \r\nEn tant que <b>courtier en assurances ind\u00e9pendant<\/b>, nous analysons diff\u00e9rentes assurances tout en tenant compte de votre profil. Ainsi, nous pouvons vous offrir l'assurance <b>la plus avantageuse<\/b> qui correspond le plus \u00e0 <b>vos besoins<\/b>.<br \/> \r\n<br \/> \n<div class=\"su-spacer\" style=\"height:20px\"><\/div>\n\n<\/div><\/div>\n<div class=\"su-column su-column-size-2-5\"><div class=\"su-column-inner su-u-clearfix su-u-trim\">\n<div class=\"su-accordion su-u-trim\">\n<div class=\"su-spoiler su-spoiler-style-fancy su-spoiler-icon-plus\" data-scroll-offset=\"0\" data-anchor-in-url=\"no\"><div class=\"su-spoiler-title\" tabindex=\"0\" role=\"button\"><span class=\"su-spoiler-icon\"><\/span>Une offre compl\u00e8te<\/div><div class=\"su-spoiler-content su-u-clearfix su-u-trim\">En tant que courtier en assurances, nous vous proposons des assurances issues de diff\u00e9rentes compagnies d'assurances. <br \/> Nous nous engageons \u00e0 trouver l'offre la plus adapt\u00e9e et la plus avantageuse pour client.<\/div><\/div>\n<div class=\"su-spoiler su-spoiler-style-fancy su-spoiler-icon-plus su-spoiler-closed\" data-scroll-offset=\"0\" data-anchor-in-url=\"no\"><div class=\"su-spoiler-title\" tabindex=\"0\" role=\"button\"><span class=\"su-spoiler-icon\"><\/span>Un partenaire ind\u00e9pendant<\/div><div class=\"su-spoiler-content su-u-clearfix su-u-trim\">Dans l'exercice de notre profession nous nous engageons \u00e0 servir au mieux et en toute objectivit\u00e9 les int\u00e9r\u00eats de nos clients. Notre point fort r\u00e9side dans la proximit\u00e9 de nos clients et la force de notre r\u00e9activit\u00e9.<\/div><\/div>\n<div class=\"su-spoiler su-spoiler-style-fancy su-spoiler-icon-plus su-spoiler-closed\" data-scroll-offset=\"0\" data-anchor-in-url=\"no\"><div class=\"su-spoiler-title\" tabindex=\"0\" role=\"button\"><span class=\"su-spoiler-icon\"><\/span>Nos atouts<\/div><div class=\"su-spoiler-content su-u-clearfix su-u-trim\">Dans le souci de vous offrir un service irr\u00e9prochable et de grande qualit\u00e9, notre \u00e9quipe proposera des solutions adapt\u00e9es \u00e0 vos besoins gr\u00e2ce \u00e0 une \u00e9coute active. Nous sommes des professionnels ind\u00e9pendants qui choisissons pour vous le meilleur assureur.<\/div><\/div>\n<div class=\"su-spoiler su-spoiler-style-fancy su-spoiler-icon-plus su-spoiler-closed\" data-scroll-offset=\"0\" data-anchor-in-url=\"no\"><div class=\"su-spoiler-title\" tabindex=\"0\" role=\"button\"><span class=\"su-spoiler-icon\"><\/span>Des tarifs comp\u00e9titifs<\/div><div class=\"su-spoiler-content su-u-clearfix su-u-trim\"><\/div><\/div>\n<\/div>\n<\/div><\/div>\n<\/div>\n<p style=\"text-align: center;\">\n<div class=\"su-row\">\n<div class=\"su-column su-column-size-1-3\"><div class=\"su-column-inner su-u-clearfix su-u-trim\">\n<div class=\"sue-photo-panel\" data-url=\"\" data-target=\"self\" style=\"background-color:#ffffff;color:#333333;border-radius:2px;-moz-border-radius:2px;-webkit-border-radius:2px;box-shadow:0px 1px 2px #eeeeee;-moz-box-shadow:0px 1px 2px #eeeeee;-webkit-box-shadow:0px 1px 2px #eeeeee;border:1px solid #cccccc\"><div class=\"sue-photo-panel-head\"><img src=\"https:\/\/fvcharlier.be\/wp-content\/uploads\/2018\/05\/ING_17215_08077-e1464249852877.jpg\" alt=\"\" style=\"-webkit-border-top-left-radius:2px;-webkit-border-top-right-radius:2px;-moz-border-radius-topleft:2px;-moz-border-radius-topright:2px;border-top-left-radius:2px;border-top-right-radius:2px;\" \/><\/div><div class=\"sue-photo-panel-content sue-content-wrap\" style=\"text-align:left\">\n<h3>Produits pour particuliers<\/h3>\nDe l'assurance auto \u00e0 l'assurance sant\u00e9, nous vous offrons une gamme compl\u00e8te d'assurances afin de satisfaire vos besoins.\n<div class=\"su-button-center\"><a href=\"\/fr\/assurances-pour-particuliers\/\" class=\"su-button su-button-style-default\" style=\"color:#003fa6;background-color:#ffffff;border-color:#cccccc;border-radius:0px;-moz-border-radius:0px;-webkit-border-radius:0px\" target=\"_self\"><span style=\"color:#003fa6;padding:7px 20px;font-size:16px;line-height:24px;border-color:#ffffff;border-radius:0px;-moz-border-radius:0px;-webkit-border-radius:0px;text-shadow:0px 0px 0px #000000;-moz-text-shadow:0px 0px 0px #000000;-webkit-text-shadow:0px 0px 0px #000000\"><i class=\"sui sui-thumbs-o-up\" style=\"font-size:16px;color:#003fa6\"><\/i> EN SAVOIR PLUS &#8230;<\/span><\/a><\/div>\n<\/div><\/div>\n<\/div><\/div>\n<div class=\"su-column su-column-size-1-3\"><div class=\"su-column-inner su-u-clearfix su-u-trim\">\n<div class=\"sue-photo-panel\" data-url=\"\" data-target=\"self\" style=\"background-color:#ffffff;color:#333333;border-radius:2px;-moz-border-radius:2px;-webkit-border-radius:2px;box-shadow:0px 1px 2px #eeeeee;-moz-box-shadow:0px 1px 2px #eeeeee;-webkit-box-shadow:0px 1px 2px #eeeeee;border:1px solid #cccccc\"><div class=\"sue-photo-panel-head\"><img src=\"https:\/\/fvcharlier.be\/wp-content\/uploads\/2018\/05\/02J78258-e1455656304919.jpg\" alt=\"\" style=\"-webkit-border-top-left-radius:2px;-webkit-border-top-right-radius:2px;-moz-border-radius-topleft:2px;-moz-border-radius-topright:2px;border-top-left-radius:2px;border-top-right-radius:2px;\" \/><\/div><div class=\"sue-photo-panel-content sue-content-wrap\" style=\"text-align:left\">\n<h3>Produits pour professionnels<\/h3>\nAssurance de votre entreprise et activit\u00e9 professionnelle de votre b\u00e2timent  \u00e0 votre v\u00e9hicule en passant par l'assurance accidents du travail.\n<div class=\"su-button-center\"><a href=\"\/fr\/assurances-pour-professionnels\/\" class=\"su-button su-button-style-default\" style=\"color:#003fa6;background-color:#ffffff;border-color:#cccccc;border-radius:0px;-moz-border-radius:0px;-webkit-border-radius:0px\" target=\"_self\"><span style=\"color:#003fa6;padding:7px 20px;font-size:16px;line-height:24px;border-color:#ffffff;border-radius:0px;-moz-border-radius:0px;-webkit-border-radius:0px;text-shadow:0px 0px 0px #000000;-moz-text-shadow:0px 0px 0px #000000;-webkit-text-shadow:0px 0px 0px #000000\"><i class=\"sui sui-thumbs-o-up\" style=\"font-size:16px;color:#003fa6\"><\/i> LEES MEER &#8230;<\/span><\/a><\/div>\n<\/div><\/div>\n<\/div><\/div>\n<div class=\"su-column su-column-size-1-3\"><div class=\"su-column-inner su-u-clearfix su-u-trim\">\n<div class=\"sue-photo-panel\" data-url=\"\" data-target=\"self\" style=\"background-color:#ffffff;color:#333333;border-radius:2px;-moz-border-radius:2px;-webkit-border-radius:2px;box-shadow:0px 1px 2px #eeeeee;-moz-box-shadow:0px 1px 2px #eeeeee;-webkit-box-shadow:0px 1px 2px #eeeeee;border:1px solid #cccccc\"><div class=\"sue-photo-panel-head\"><img src=\"https:\/\/fvcharlier.be\/wp-content\/uploads\/2018\/05\/ING_18986_00585-e1455656251476.jpg\" alt=\"\" style=\"-webkit-border-top-left-radius:2px;-webkit-border-top-right-radius:2px;-moz-border-radius-topleft:2px;-moz-border-radius-topright:2px;border-top-left-radius:2px;border-top-right-radius:2px;\" \/><\/div><div class=\"sue-photo-panel-content sue-content-wrap\" style=\"text-align:left\">\n<h3>\u00cates-vous bien assur\u00e9?<\/h3>\nPar la bonne personne ou la bonne compagnie d'assurances? N'avez-vous rien oubli\u00e9?\n<div class=\"su-button-center\"><a href=\"\/fr\/formulaire-contact\/\" class=\"su-button su-button-style-default\" style=\"color:#003fa6;background-color:#ffffff;border-color:#cccccc;border-radius:0px;-moz-border-radius:0px;-webkit-border-radius:0px\" target=\"_self\"><span style=\"color:#003fa6;padding:7px 20px;font-size:16px;line-height:24px;border-color:#ffffff;border-radius:0px;-moz-border-radius:0px;-webkit-border-radius:0px;text-shadow:0px 0px 0px #000000;-moz-text-shadow:0px 0px 0px #000000;-webkit-text-shadow:0px 0px 0px #000000\"><i class=\"sui sui-thumbs-o-up\" style=\"font-size:16px;color:#003fa6\"><\/i> LEES MEER &#8230;<\/span><\/a><\/div>\n<\/div><\/div>\n<\/div><\/div>\n<\/div>\n","protected":false},"excerpt":{"rendered":"Bienvenue sur le site de Zakenkantoor Van Biesen bvba Vous cherchez une police d'assurance qui correspond \u00e0 votre situation familiale et une protection ad\u00e9quate? Votre dossier d'assurance a besoin d'une analyse approfondi? En tant que courtier en assurances ind\u00e9pendant, nous analysons diff\u00e9rentes assurances tout en tenant compte de votre profil. Ainsi, nous pouvons vous offrir [...]","protected":false},"author":1,"featured_media":0,"parent":0,"menu_order":0,"comment_status":"closed","ping_status":"closed","template":"","meta":[],"_links":{"self":[{"href":"https:\/\/fvcharlier.be\/fr\/wp-json\/wp\/v2\/pages\/5932"}],"collection":[{"href":"https:\/\/fvcharlier.be\/fr\/wp-json\/wp\/v2\/pages"}],"about":[{"href":"https:\/\/fvcharlier.be\/fr\/wp-json\/wp\/v2\/types\/page"}],"author":[{"embeddable":true,"href":"https:\/\/fvcharlier.be\/fr\/wp-json\/wp\/v2\/users\/1"}],"replies":[{"embeddable":true,"href":"https:\/\/fvcharlier.be\/fr\/wp-json\/wp\/v2\/comments?post=5932"}],"version-history":[{"count":5,"href":"https:\/\/fvcharlier.be\/fr\/wp-json\/wp\/v2\/pages\/5932\/revisions"}],"predecessor-version":[{"id":8317,"href":"https:\/\/fvcharlier.be\/fr\/wp-json\/wp\/v2\/pages\/5932\/revisions\/8317"}],"wp:attachment":[{"href":"https:\/\/fvcharlier.be\/fr\/wp-json\/wp\/v2\/media?parent=5932"}],"curies":[{"name":"wp","href":"https:\/\/api.w.org\/{rel}","templated":true}]}}