{"id":5471,"date":"2015-12-13T17:34:47","date_gmt":"2015-12-13T16:34:47","guid":{"rendered":"\/fr\/?page_id=5471"},"modified":"2016-11-20T20:46:59","modified_gmt":"2016-11-20T19:46:59","slug":"inducement","status":"publish","type":"page","link":"https:\/\/fvcharlier.be\/fr\/assurmifid-informations-sur-notre-bureau\/inducement\/","title":{"rendered":"R\u00e9mun\u00e9ration"},"content":{"rendered":"<p>Pour notre service d\u2019interm\u00e9diation en assurances, nous recevons en principe une r\u00e9mun\u00e9ration de l\u2019entreprise d\u2019assurances qui fait partie de la prime que vous payez en tant que client.<\/p>\n<p>En sus, une r\u00e9mun\u00e9ration li\u00e9e au portefeuille d\u2019assurances de notre agence aupr\u00e8s de l\u2019entreprise d\u2019assurances concern\u00e9e ou pour les t\u00e2ches suppl\u00e9mentaires r\u00e9alis\u00e9es par notre agence est possible. Pour plus d\u2019informations, n\u2019h\u00e9sitez pas \u00e0 contacter notre agence. Dans l\u2019autre cas, nous recevons une r\u00e9mun\u00e9ration de votre part en tant que client pour notre service d\u2019interm\u00e9diation en assurances.<\/p>\n<p>Pour plus d\u2019information, veuillez-vous reporter \u00e0 l\u2019espace client de notre site internet ou contactez notre bureau<\/p>\n<p>&nbsp;<\/p>\n","protected":false},"excerpt":{"rendered":"<p>Pour notre service d\u2019interm\u00e9diation en assurances, nous recevons en principe une r\u00e9mun\u00e9ration de l\u2019entreprise d\u2019assurances qui fait partie de la prime que vous payez en tant que client. En sus, une r\u00e9mun\u00e9ration li\u00e9e au portefeuille d\u2019assurances de notre agence aupr\u00e8s de l\u2019entreprise d\u2019assurances concern\u00e9e ou pour les t\u00e2ches suppl\u00e9mentaires r\u00e9alis\u00e9es par notre agence est possible. [&hellip;]<\/p>\n","protected":false},"author":1,"featured_media":0,"parent":4818,"menu_order":0,"comment_status":"closed","ping_status":"closed","template":"","meta":[],"_links":{"self":[{"href":"https:\/\/fvcharlier.be\/fr\/wp-json\/wp\/v2\/pages\/5471"}],"collection":[{"href":"https:\/\/fvcharlier.be\/fr\/wp-json\/wp\/v2\/pages"}],"about":[{"href":"https:\/\/fvcharlier.be\/fr\/wp-json\/wp\/v2\/types\/page"}],"author":[{"embeddable":true,"href":"https:\/\/fvcharlier.be\/fr\/wp-json\/wp\/v2\/users\/1"}],"replies":[{"embeddable":true,"href":"https:\/\/fvcharlier.be\/fr\/wp-json\/wp\/v2\/comments?post=5471"}],"version-history":[{"count":0,"href":"https:\/\/fvcharlier.be\/fr\/wp-json\/wp\/v2\/pages\/5471\/revisions"}],"up":[{"embeddable":true,"href":"https:\/\/fvcharlier.be\/fr\/wp-json\/wp\/v2\/pages\/4818"}],"wp:attachment":[{"href":"https:\/\/fvcharlier.be\/fr\/wp-json\/wp\/v2\/media?parent=5471"}],"curies":[{"name":"wp","href":"https:\/\/api.w.org\/{rel}","templated":true}]}}