{"id":5421,"date":"2013-10-03T14:35:35","date_gmt":"2013-10-03T14:35:35","guid":{"rendered":"\/fr\/verzekeringen-kmo-overzicht\/"},"modified":"2015-12-13T16:46:40","modified_gmt":"2015-12-13T15:46:40","slug":"assurances-pour-professionnels","status":"publish","type":"page","link":"https:\/\/fvcharlier.be\/fr\/assurances-pour-professionnels\/","title":{"rendered":"Assurances pour professionnels"},"content":{"rendered":"<h3>Produits\u00a0pour\u00a0professionnels<\/h3>\n<p>Vous \u00eates ind\u00e9pendant ou entrepreneur? Toutes notre \u00e9quipe est \u00e0 votre disposition pour vous exposer notre\u00a0expertise, notre gamme de produits et services, ainsi que pour r\u00e9pondre \u00e0 toutes vos interrogations, n\u2019h\u00e9sitez pas \u00e0 nous contacter.<\/p>\n<p>&nbsp;<\/p>\n<div class=\"su-row\"><div class=\"su-column su-column-size-1-4\"><div class=\"su-column-inner su-u-clearfix su-u-trim\"><a href=\"\/fr\/vehicules-professionnels\/\" class=\"sue-icon\" style=\"font-size:16px;color:#333333;margin:0px 20px 20px 0px\" target=\"_self\"><i class=\"sui sui-car\" style=\"font-size:76px;line-height:76px;background:#eeeeee;color:#113981;-webkit-border-radius:256px;-moz-border-radius:256px;border-radius:256px;padding:50px\"><\/i><span class=\"sue-icon-text\">\n<h3 style=\"text-align: center;\">V\u00e9hicules et mobilit\u00e9<\/h3>\n<\/span><\/a><\/div><\/div>\n<div class=\"su-column su-column-size-1-4\"><div class=\"su-column-inner su-u-clearfix su-u-trim\"><a href=\"\/fr\/assurance-incendie-entreprises-et-pme\/\" class=\"sue-icon\" style=\"font-size:16px;color:#333333;margin:0px 20px 20px 0px\" target=\"_self\"><i class=\"sui sui-fire\" style=\"font-size:76px;line-height:76px;background:#eeeeee;color:#113981;-webkit-border-radius:256px;-moz-border-radius:256px;border-radius:256px;padding:50px\"><\/i><span class=\"sue-icon-text\">\n<h3 style=\"text-align: center;\">Votre entreprise et revenue<\/h3>\n<\/span><\/a><\/div><\/div>\n<div class=\"su-column su-column-size-1-4\"><div class=\"su-column-inner su-u-clearfix su-u-trim\"><a href=\"\/fr\/assurance-responsabilite-civile-exploitation\/\" class=\"sue-icon\" style=\"font-size:16px;color:#333333;margin:0px 20px 20px 0px\" target=\"_self\"><i class=\"sui sui-users\" style=\"font-size:76px;line-height:76px;background:#eeeeee;color:#113981;-webkit-border-radius:256px;-moz-border-radius:256px;border-radius:256px;padding:50px\"><\/i><span class=\"sue-icon-text\">\n<h3 style=\"text-align: center;\">Responsabilit\u00e9<\/h3>\n<\/span><\/a><\/div><\/div>\n<div class=\"su-column su-column-size-1-4\"><div class=\"su-column-inner su-u-clearfix su-u-trim\"><a href=\"\/fr\/assurance-accidents-du-travail\/\" class=\"sue-icon\" style=\"font-size:16px;color:#333333;margin:0px 20px 20px 0px\" target=\"_self\"><i class=\"sui sui-ambulance\" style=\"font-size:76px;line-height:76px;background:#eeeeee;color:#113981;-webkit-border-radius:256px;-moz-border-radius:256px;border-radius:256px;padding:50px\"><\/i><span class=\"sue-icon-text\">\n<h3 style=\"text-align: center;\">Accidents du travail<\/h3>\n<\/span><\/a><\/div><\/div>\n<\/div>\n<div class=\"su-row\"><div class=\"su-column su-column-size-1-4\"><div class=\"su-column-inner su-u-clearfix su-u-trim\"><a href=\"\/fr\/assurance-hospitalisation-entreprises\/\" class=\"sue-icon\" style=\"font-size:16px;color:#333333;margin:0px 20px 20px 0px\" target=\"_self\"><i class=\"sui sui-medkit\" style=\"font-size:76px;line-height:76px;background:#eeeeee;color:#113981;-webkit-border-radius:256px;-moz-border-radius:256px;border-radius:256px;padding:50px\"><\/i><span class=\"sue-icon-text\">\n<h3 style=\"text-align: center;\">Hospitalisation<\/h3>\n<\/span><\/a><\/div><\/div>\n<div class=\"su-column su-column-size-1-4\"><div class=\"su-column-inner su-u-clearfix su-u-trim\"><a href=\"\/fr\/assistance-juridique\/\" class=\"sue-icon\" style=\"font-size:16px;color:#333333;margin:0px 20px 20px 0px\" target=\"_self\"><i class=\"sui sui-legal\" style=\"font-size:76px;line-height:76px;background:#eeeeee;color:#113981;-webkit-border-radius:256px;-moz-border-radius:256px;border-radius:256px;padding:50px\"><\/i><span class=\"sue-icon-text\">\n<h3 style=\"text-align: center;\">Protection juridique<\/h3>\n<\/span><\/a><\/div><\/div>\n<div class=\"su-column su-column-size-1-4\"><div class=\"su-column-inner su-u-clearfix su-u-trim\"><a href=\"\/fr\/assurance-revenu-garanti\/\" class=\"sue-icon\" style=\"font-size:16px;color:#333333;margin:0px 20px 20px 0px\" target=\"_self\"><i class=\"sui sui-money\" style=\"font-size:76px;line-height:76px;background:#eeeeee;color:#113981;-webkit-border-radius:256px;-moz-border-radius:256px;border-radius:256px;padding:50px\"><\/i><span class=\"sue-icon-text\">\n<h3 style=\"text-align: center;\">Assurance revenu garantie<\/h3>\n<\/span><\/a><\/div><\/div>\n<p>&nbsp;<\/p>\n<\/div>\n<div class=\"su-row\"><div class=\"su-column su-column-size-1-4\"><div class=\"su-column-inner su-u-clearfix su-u-trim\"> \u00a0 \u00a0<\/div><\/div>\n<div class=\"su-column su-column-size-1-4\"><div class=\"su-column-inner su-u-clearfix su-u-trim\"><a href=\"\/fr\/a-propos\/contact-demande-informations\/\" class=\"sue-icon\" style=\"font-size:16px;color:#333333;margin:0px 20px 20px 0px\" target=\"_self\"><i class=\"sui sui-envelope-o\" style=\"font-size:76px;line-height:76px;background:#eeeeee;color:#113981;-webkit-border-radius:256px;-moz-border-radius:256px;border-radius:256px;padding:50px\"><\/i><span class=\"sue-icon-text\">\n<h3 style=\"text-align: center;\">Demandez une offre<\/h3>\n<\/span><\/a><\/div><\/div>\n<div class=\"su-column su-column-size-1-4\"><div class=\"su-column-inner su-u-clearfix su-u-trim\"><a href=\"\/fr\/a-propos\/contact-demande-informations\/\" class=\"sue-icon\" style=\"font-size:16px;color:#333333;margin:0px 20px 20px 0px\" target=\"_self\"><i class=\"sui sui-umbrella\" style=\"font-size:76px;line-height:76px;background:#eeeeee;color:#113981;-webkit-border-radius:256px;-moz-border-radius:256px;border-radius:256px;padding:50px\"><\/i><span class=\"sue-icon-text\">\n<h3 style=\"text-align: center;\">Check-up dossier<\/h3>\n<\/span><\/a><\/div><\/div>\n<div class=\"su-column su-column-size-1-4\"><div class=\"su-column-inner su-u-clearfix su-u-trim\">\u00a0 \u00a0 \u00a0<\/div><\/div>\n<\/div>\n<p>&nbsp;<\/p>\n","protected":false},"excerpt":{"rendered":"<p>Produits\u00a0pour\u00a0professionnels Vous \u00eates ind\u00e9pendant ou entrepreneur? Toutes notre \u00e9quipe est \u00e0 votre disposition pour vous exposer notre\u00a0expertise, notre gamme de produits et services, ainsi que pour r\u00e9pondre \u00e0 toutes vos interrogations, n\u2019h\u00e9sitez pas \u00e0 nous contacter. &nbsp; &nbsp;<\/p>\n","protected":false},"author":1,"featured_media":0,"parent":0,"menu_order":0,"comment_status":"closed","ping_status":"closed","template":"","meta":[],"_links":{"self":[{"href":"https:\/\/fvcharlier.be\/fr\/wp-json\/wp\/v2\/pages\/5421"}],"collection":[{"href":"https:\/\/fvcharlier.be\/fr\/wp-json\/wp\/v2\/pages"}],"about":[{"href":"https:\/\/fvcharlier.be\/fr\/wp-json\/wp\/v2\/types\/page"}],"author":[{"embeddable":true,"href":"https:\/\/fvcharlier.be\/fr\/wp-json\/wp\/v2\/users\/1"}],"replies":[{"embeddable":true,"href":"https:\/\/fvcharlier.be\/fr\/wp-json\/wp\/v2\/comments?post=5421"}],"version-history":[{"count":0,"href":"https:\/\/fvcharlier.be\/fr\/wp-json\/wp\/v2\/pages\/5421\/revisions"}],"wp:attachment":[{"href":"https:\/\/fvcharlier.be\/fr\/wp-json\/wp\/v2\/media?parent=5421"}],"curies":[{"name":"wp","href":"https:\/\/api.w.org\/{rel}","templated":true}]}}