{"id":4868,"date":"2013-11-29T21:04:22","date_gmt":"2013-11-29T20:04:22","guid":{"rendered":"http:\/\/www.kantoorblyaert.be\/?page_id=4868"},"modified":"2018-03-09T10:08:19","modified_gmt":"2018-03-09T09:08:19","slug":"info-pratiques","status":"publish","type":"page","link":"https:\/\/fvcharlier.be\/fr\/info-pratiques\/","title":{"rendered":"Info pratiques"},"content":{"rendered":"<p><iframe loading=\"lazy\" src=\"https:\/\/www.google.com\/maps\/embed?pb=!1m18!1m12!1m3!1d2519.0178577265087!2d4.463081815745888!3d50.849353579532334!2m3!1f0!2f0!3f0!3m2!1i1024!2i768!4f13.1!3m3!1m2!1s0x47c3dc7bf8819b05%3A0x8c08e002c2b35c2c!2sKon.+Astridlaan+233%2C+1950+Kraainem!5e0!3m2!1snl!2sbe!4v1520586458645\" width=\"900\" height=\"300\" frameborder=\"0\" style=\"border:0\" allowfullscreen><\/iframe><\/p>\n<h2>Nos coordonn\u00e9es<\/h2>\n<div class=\"su-table su-table-alternate\">\n<table>\n<tbody>\n<tr>\n<td>Finance &amp; Verzekeringen Charlier BV<\/td>\n<\/tr>\n<tr>\n<td>Koningin Astridlaan 233 &#8211; 1950 Kraainem<\/td>\n<\/tr>\n<tr>\n<td><strong>Telefoon:<\/strong> 02\/731.97.00<\/td>\n<\/tr>\n<tr>\n<td><strong>Fax:<\/strong> <\/td>\n<\/tr>\n<tr>\n<td><strong>E-mail: <\/strong>\u00a0info@fvcharlier.be<\/td>\n<\/tr>\n<tr>\n<td><strong>N\u00b0 FSMA:\u00a0<\/strong>0839.800.165<\/td>\n<\/tr>\n<tr>\n<td><strong>RPR:\u00a0<\/strong>0839.800.165<\/td>\n<\/tr>\n<\/tbody>\n<\/table>\n<\/div>\n<h2>Heures d&rsquo;ouverture<\/h2>\n<div class=\"su-table su-table-alternate\">\n<table style=\"width: 748px;height: 166px\" border=\"0\" cellspacing=\"1\" cellpadding=\"1\">\n<tbody>\n<tr>\n<td style=\"width: 211px\">Lundi<\/td>\n<td style=\"width: 236px;text-align: center\">9u30 a 12u30<\/td>\n<td style=\"width: 283px;text-align: center\">sur rendez-vous<\/td>\n<\/tr>\n<tr>\n<td style=\"width: 211px\">Mardi<\/td>\n<td style=\"width: 236px;text-align: center\">9u30 a 12u30<\/td>\n<td style=\"width: 283px;text-align: center\">16u00 a 18u00<\/td>\n<\/tr>\n<tr>\n<td style=\"width: 211px\">Mercredi<\/td>\n<td style=\"width: 236px;text-align: center\">9u30 a 12u30<\/td>\n<td style=\"width: 283px;text-align: center\">sur rendez-vous<\/td>\n<\/tr>\n<tr>\n<td style=\"width: 211px\">Jeudi<\/td>\n<td style=\"width: 236px;text-align: center\">9u30 a 12u30<\/td>\n<td style=\"width: 283px;text-align: center\">sur rendez-vous<\/td>\n<\/tr>\n<tr>\n<td style=\"width: 211px\">Vendredi<\/td>\n<td style=\"width: 236px;text-align: center\">9u30 a 12u30<\/td>\n<td style=\"width: 283px;text-align: center\">16u00 a 18u00<\/td>\n<\/tr>\n<tr>\n<td style=\"width: 211px\">Samedi<\/td>\n<td style=\"width: 236px;text-align: center\">sur rendez-vous<\/td>\n<td style=\"width: 283px;text-align: center\"><\/td>\n<\/tr>\n<\/tbody>\n<\/table>\n<\/div>\nEn dehors de nos heures d\u2019ouvertures vous pouvez nous contactez.\n<p>&nbsp;<\/p>\n<p>La langue utilis\u00e9e par notre bureau est le Fran\u00e7ais et N\u00e9\u00e9rlandais. Nous communiquons via lettre, t\u00e9l\u00e9phone, fax et e-mail.<\/p>\n<p>Notre bureau est inscrit sous le num\u00e9ro 0839.800.165 dans la cat\u00e9gorie des Courtier en assurances - agent bancaire dans le registre des interm\u00e9diaires d\u2019assurances tenu par la FSMA dont le si\u00e8ge est situ\u00e9 Rue du Congr\u00e8s 12-14 \u00e0 1000 Bruxelles et qui consultable sur le site <a href=\"http:\/\/www.fsma.be\">www.fsma.be<\/a>.<\/p>\n","protected":false},"excerpt":{"rendered":"<p>Nos coordonn\u00e9es Heures d&rsquo;ouverture &nbsp; La langue utilis\u00e9e par notre bureau est le Fran\u00e7ais et N\u00e9\u00e9rlandais. Nous communiquons via lettre, t\u00e9l\u00e9phone, fax et e-mail. Notre bureau est inscrit sous le num\u00e9ro dans la cat\u00e9gorie des dans le registre des interm\u00e9diaires d\u2019assurances tenu par la FSMA dont le si\u00e8ge est situ\u00e9 Rue du Congr\u00e8s 12-14 \u00e0 [&hellip;]<\/p>\n","protected":false},"author":1,"featured_media":0,"parent":0,"menu_order":0,"comment_status":"closed","ping_status":"open","template":"","meta":[],"_links":{"self":[{"href":"https:\/\/fvcharlier.be\/fr\/wp-json\/wp\/v2\/pages\/4868"}],"collection":[{"href":"https:\/\/fvcharlier.be\/fr\/wp-json\/wp\/v2\/pages"}],"about":[{"href":"https:\/\/fvcharlier.be\/fr\/wp-json\/wp\/v2\/types\/page"}],"author":[{"embeddable":true,"href":"https:\/\/fvcharlier.be\/fr\/wp-json\/wp\/v2\/users\/1"}],"replies":[{"embeddable":true,"href":"https:\/\/fvcharlier.be\/fr\/wp-json\/wp\/v2\/comments?post=4868"}],"version-history":[{"count":2,"href":"https:\/\/fvcharlier.be\/fr\/wp-json\/wp\/v2\/pages\/4868\/revisions"}],"predecessor-version":[{"id":8273,"href":"https:\/\/fvcharlier.be\/fr\/wp-json\/wp\/v2\/pages\/4868\/revisions\/8273"}],"wp:attachment":[{"href":"https:\/\/fvcharlier.be\/fr\/wp-json\/wp\/v2\/media?parent=4868"}],"curies":[{"name":"wp","href":"https:\/\/api.w.org\/{rel}","templated":true}]}}