{"id":4818,"date":"2014-09-27T16:20:58","date_gmt":"2014-09-27T14:20:58","guid":{"rendered":"http:\/\/www.kantoorblyaert.be\/?page_id=4818"},"modified":"2016-11-20T20:58:05","modified_gmt":"2016-11-20T19:58:05","slug":"assurmifid-informations-sur-notre-bureau","status":"publish","type":"page","link":"https:\/\/fvcharlier.be\/fr\/assurmifid-informations-sur-notre-bureau\/","title":{"rendered":"Informations juridiques &#8211; MIFID"},"content":{"rendered":"<p><strong>Informations g\u00e9n\u00e9rales<\/strong><\/p>\n<p>Dans le cadre du respect de la loi du 30 juillet 2013 et de ses arr\u00eat\u00e9s royaux, notre bureau vous communique les informations suivantes :<\/p>\n<p><strong><span style=\"text-decoration: underline;\">I. INFORMATIONS SUR NOTRE BUREAU<\/span><\/strong><\/p>\n<p><strong>=&gt; INFORMATIONS GENERALES<\/strong><\/p>\n<ol>\n<li>Finance & Verzekeringen Charlier BV<\/li>\n<li>N\u00b0 d\u2019entreprise :0839.800.165<\/li>\n<li>Notre bureau est inscrit sous le num\u00e9ro0839.800.165 dans la cat\u00e9gorie des courtiers d\u2019assurances dans le registre des interm\u00e9diaires d\u2019assurances tenu par la FSMA dont le si\u00e8ge est situ\u00e9 Rue du Congr\u00e8s 12-14 \u00e0 1000 Bruxelles et qui consultable sur le site <a href=\"http:\/\/www.fsma.be\/\">www.fsma.be<\/a>.<\/li>\n<li>Les modes de communication \u00e0 utiliser entre le bureau et le client, y compris le cas \u00e9ch\u00e9ant, pour ce qui concerne la souscription de contrats d\u2019assurance sont le t\u00e9l\u00e9phone, le mail et le fax.<\/li>\n<li>La langue utilis\u00e9e par notre bureau est le n\u00e9\u00e9rlandais et le fran\u00e7ais<\/li>\n<li>R\u00e8glement extrajudiciaire des plaintes :\u00a0Notre bureau fait de son mieux pour vous satisfaire. En cas de probl\u00e8me ou de question, nous nous tenons \u00e0 votre disposition. Si vous aviez une plainte concernant notre prestation de service que nous n\u2019avons pas pu r\u00e9gler ensemble, vous pouvez contacter le Service Ombudsman Assurances dont le si\u00e8ge est situ\u00e9 Square de Mee\u00fbs 35 \u00e0 1000 Bruxelles &#8211; T\u00e9l. 02\/547.58.71 &#8211; Fax. 02\/547.59.75 &#8211; <a href=\"mailto:info@ombudsman.as\">info@ombudsman.as<\/a> &#8211; <a href=\"http:\/\/www.ombudsman.as\/\">www.ombudsman.as<\/a>.<\/li>\n<li>Conditions g\u00e9n\u00e9rales de prestation de services d\u2019interm\u00e9diation en assurances<\/li>\n<\/ol>\n<p>Conform\u00e9ment \u00e0 la l\u00e9gislation, notre bureau a d\u00e9velopp\u00e9 <a href=\"https:\/\/fvcharlier.be\/fr\/assurmifid-informations-sur-notre-bureau\/politique-en-matiere-de-conflits-dinterets\/\">une politique en mati\u00e8re de conflits d\u2019int\u00e9r\u00eats<\/a>. Un compl\u00e9ment d\u2019information sur cette politique peut \u00eatre obtenu sur demande. Il vous sera remis sur support durable. \u00bb<\/p>\n<p><strong>=&gt; INDUCEMENT <\/strong><\/p>\n<p>Pour les services d\u2019interm\u00e9diation en assurances prest\u00e9s, notre bureau est r\u00e9mun\u00e9r\u00e9 sous la forme de commissions. Notre bureau peut en outre percevoir une r\u00e9mun\u00e9ration li\u00e9e au portefeuille d\u2019assurances aupr\u00e8s d\u2019une entreprise d\u2019assurances d\u00e9termin\u00e9e ou aux t\u00e2ches effectu\u00e9es pour son compte\u00a0 par notre bureau.\u00a0 Pour plus d\u2019information, veuillez-vous reporter \u00e0 l\u2019espace client de notre site internet ou contactez notre bureau.<\/p>\n<h2>II. INFORMATIONS RELATIVES AUX TYPES DE SERVICES ET DE CONTRAT QUE NOTRE BUREAU PEUT\u00a0PROPOSER<\/h2>\n<p>Notre bureau offre des services d\u2019interm\u00e9diation en assurances. Ces services consistent \u00e0 fournir des conseils sur des contrats d&rsquo;assurance, \u00e0 pr\u00e9senter ou \u00e0 proposer des contrats d\u2019assurance ou \u00e0 r\u00e9aliser d\u2019autres travaux pr\u00e9paratoires \u00e0 leur\u00a0conclusion ou \u00e0 les conclure, ou \u00e0 contribuer \u00e0 leur gestion et \u00e0 leur ex\u00e9cution.\u00a0Notre bureau exerce ses activit\u00e9s dans diff\u00e9rentes branches.<\/p>\n<p><a href=\"https:\/\/fvcharlier.be\/fr\/assurmifid-informations-sur-notre-bureau\/types-de-services-et-liste-des-branches\/\">En savoir plus<\/a><\/p>\n<h2>III. INFORMATIONS A PROPOS DES CO\u00dbTS ET FRAIS LIES<\/h2>\n<p>Co\u00fbts et frais li\u00e9s &#8211; Article 9 de l\u2019AR N 2 du 21 f\u00e9vrier 2004 (article 13 AR MiFID)<\/p>\n<p><a href=\"https:\/\/fvcharlier.be\/fr\/assurmifid-informations-sur-notre-bureau\/inducement\/\">En savoir plus<\/a><\/p>\n<p>&nbsp;<\/p>\n","protected":false},"excerpt":{"rendered":"<p>Informations g\u00e9n\u00e9rales Dans le cadre du respect de la loi du 30 juillet 2013 et de ses arr\u00eat\u00e9s royaux, notre bureau vous communique les informations suivantes : I. INFORMATIONS SUR NOTRE BUREAU =&gt; INFORMATIONS GENERALES N\u00b0 d\u2019entreprise : Notre bureau est inscrit sous le num\u00e9ro dans la cat\u00e9gorie des courtiers d\u2019assurances dans le registre des [&hellip;]<\/p>\n","protected":false},"author":1,"featured_media":0,"parent":0,"menu_order":0,"comment_status":"closed","ping_status":"closed","template":"","meta":[],"_links":{"self":[{"href":"https:\/\/fvcharlier.be\/fr\/wp-json\/wp\/v2\/pages\/4818"}],"collection":[{"href":"https:\/\/fvcharlier.be\/fr\/wp-json\/wp\/v2\/pages"}],"about":[{"href":"https:\/\/fvcharlier.be\/fr\/wp-json\/wp\/v2\/types\/page"}],"author":[{"embeddable":true,"href":"https:\/\/fvcharlier.be\/fr\/wp-json\/wp\/v2\/users\/1"}],"replies":[{"embeddable":true,"href":"https:\/\/fvcharlier.be\/fr\/wp-json\/wp\/v2\/comments?post=4818"}],"version-history":[{"count":0,"href":"https:\/\/fvcharlier.be\/fr\/wp-json\/wp\/v2\/pages\/4818\/revisions"}],"wp:attachment":[{"href":"https:\/\/fvcharlier.be\/fr\/wp-json\/wp\/v2\/media?parent=4818"}],"curies":[{"name":"wp","href":"https:\/\/api.w.org\/{rel}","templated":true}]}}